{"id":2869,"date":"2026-01-17T11:17:38","date_gmt":"2026-01-17T03:17:38","guid":{"rendered":"http:\/\/www.tiandifareast.com\/?post_type=product&#038;p=2869"},"modified":"2026-01-17T11:17:39","modified_gmt":"2026-01-17T03:17:39","slug":"high-purity-lifepo4-for-commercial-energy-storage-batteries-cas-15365-14-7-stable-cost-effective-manufactured-in-china","status":"publish","type":"product","link":"https:\/\/www.tiandifareast.com\/es\/producto\/high-purity-lifepo4-for-commercial-energy-storage-batteries-cas-15365-14-7-stable-cost-effective-manufactured-in-china","title":{"rendered":"LiFePO4 de alta pureza para bater\u00edas comerciales de almacenamiento de energ\u00eda CAS 15365-14-7| Estable y rentable Fabricado en China"},"content":{"rendered":"<p>Aspecto:PERLA\/POLVO<br \/>\nEmbalaje\uff1a25KG\/BAG<br \/>\nEl LiFePO\u2084 (fosfato de hierro y litio) de alta pureza es el mejor material cat\u00f3dico para los sistemas comerciales de almacenamiento de energ\u00eda (ESS), ya que ofrece un ciclo de vida, una estabilidad t\u00e9rmica y una densidad energ\u00e9tica inigualables. Ideal para el almacenamiento de energ\u00eda a escala comercial, la energ\u00eda de reserva en edificios comerciales, el ahorro de picos industriales y la integraci\u00f3n de energ\u00edas renovables (solar\/e\u00f3lica), garantiza una producci\u00f3n de energ\u00eda fiable incluso en entornos adversos. Con una pureza \u226599,5%, un bajo contenido de impurezas y una distribuci\u00f3n uniforme del tama\u00f1o de las part\u00edculas, nuestro LiFePO\u2084 minimiza la p\u00e9rdida de capacidad, prolongando la vida \u00fatil de la bater\u00eda a m\u00e1s de 6.000 ciclos. Cumple con las normas UN38.3, CE y RoHS, satisfaciendo los requisitos de acceso al mercado mundial. Nuestra LiFePO\u2084 de alta pureza, dise\u00f1ada para proyectos de ESS a gran escala, equilibra rentabilidad y rendimiento, lo que la convierte en la mejor opci\u00f3n para los compradores B2B que buscan soluciones de almacenamiento de energ\u00eda sostenible.<\/p>\n<table>\n<tbody>\n<tr>\n<td width=\"134\">Categor\u00eda de especificaciones<\/td>\n<td width=\"185\">Elemento de prueba<\/td>\n<td width=\"280\">Par\u00e1metros t\u00e9cnicos<\/td>\n<\/tr>\n<tr>\n<td width=\"134\"><strong>Propiedades \u00f3pticas<\/strong><\/td>\n<td width=\"185\">Transmitancia de la luz (400-1100 nm)<\/td>\n<td width=\"280\">\u226592% (0,5 mm de grosor)<\/td>\n<\/tr>\n<tr>\n<td width=\"134\">&nbsp;<\/td>\n<td width=\"185\">Valor Haze<\/td>\n<td width=\"280\">\u22641.0%<\/td>\n<\/tr>\n<tr>\n<td width=\"134\"><strong>Composici\u00f3n qu\u00edmica<\/strong><\/td>\n<td width=\"185\">Contenido de VA (acetato de vinilo)<\/td>\n<td width=\"280\">26%-33% (personalizable)<\/td>\n<\/tr>\n<tr>\n<td width=\"134\">&nbsp;<\/td>\n<td width=\"185\">\u00cdndice de fluidez (IF)<\/td>\n<td width=\"280\">2,5-6,0 g\/10min (190\u2103\/2,16kg)<\/td>\n<\/tr>\n<tr>\n<td width=\"134\"><strong>Propiedades de reticulaci\u00f3n<\/strong><\/td>\n<td width=\"185\">Contenido de gel tras la reticulaci\u00f3n<\/td>\n<td width=\"280\">\u226585%<\/td>\n<\/tr>\n<tr>\n<td width=\"134\">&nbsp;<\/td>\n<td width=\"185\">Tasa de reticulaci\u00f3n<\/td>\n<td width=\"280\">\u226590% (despu\u00e9s de 15min, 150\u2103)<\/td>\n<\/tr>\n<tr>\n<td width=\"134\"><strong>Resistencia a la intemperie<\/strong><\/td>\n<td width=\"185\">Resistencia a los rayos UV (1000 horas de prueba UV)<\/td>\n<td width=\"280\">Retenci\u00f3n de transmitancia \u226588%<\/td>\n<\/tr>\n<tr>\n<td width=\"134\">&nbsp;<\/td>\n<td width=\"185\">Resistencia al calor<\/td>\n<td width=\"280\">No se agrieta a 120\u2103\/1000h<\/td>\n<\/tr>\n<tr>\n<td width=\"134\"><strong>Propiedades mec\u00e1nicas<\/strong><\/td>\n<td width=\"185\">Resistencia a la tracci\u00f3n<\/td>\n<td width=\"280\">\u226515 MPa<\/td>\n<\/tr>\n<tr>\n<td width=\"134\">&nbsp;<\/td>\n<td width=\"185\">Alargamiento a la rotura<\/td>\n<td width=\"280\">\u2265500%<\/td>\n<\/tr>\n<tr>\n<td width=\"134\"><strong>Propiedades medioambientales<\/strong><\/td>\n<td width=\"185\">Contenido hal\u00f3geno<\/td>\n<td width=\"280\">\u226450 ppm<\/td>\n<\/tr>\n<tr>\n<td width=\"134\">&nbsp;<\/td>\n<td width=\"185\">Contenido en metales pesados (Pb\/Cd\/Hg)<\/td>\n<td width=\"280\">\u226410 ppm cada uno<\/td>\n<\/tr>\n<\/tbody>\n<\/table>","protected":false},"excerpt":{"rendered":"<p>LiFePO4 de alta pureza para bater\u00edas comerciales de almacenamiento de energ\u00eda. Pureza 99,9%, impurezas ultrabajas, m\u00e1s de 12000 ciclos y excelente estabilidad t\u00e9rmica. Aumenta la densidad energ\u00e9tica y la vida \u00fatil de la bater\u00eda. Ideal para sistemas de almacenamiento en red y comerciales. Material cat\u00f3dico fiable y rentable.<\/p>\n<p>Marca HKTD-HPL018<br \/>\nCategor\u00eda Nuevos materiales energ\u00e9ticos de alto rendimiento<br \/>\nAplicaci\u00f3n Industria del almacenamiento de energ\u00eda \/Industria del transporte el\u00e9ctrico \/Electr\u00f3nica port\u00e1til y herramientas el\u00e9ctricas\/Nuevas energ\u00edas y campos especiales<\/p>","protected":false},"featured_media":2870,"comment_status":"closed","ping_status":"closed","template":"","meta":[],"product_brand":[],"product_cat":[49],"product_tag":[],"class_list":{"0":"post-2869","1":"product","2":"type-product","3":"status-publish","4":"has-post-thumbnail","6":"product_cat-high-performance-new-energy-materials","8":"first","9":"instock","10":"shipping-taxable","11":"purchasable","12":"product-type-simple"},"_links":{"self":[{"href":"https:\/\/www.tiandifareast.com\/es\/wp-json\/wp\/v2\/product\/2869","targetHints":{"allow":["GET"]}}],"collection":[{"href":"https:\/\/www.tiandifareast.com\/es\/wp-json\/wp\/v2\/product"}],"about":[{"href":"https:\/\/www.tiandifareast.com\/es\/wp-json\/wp\/v2\/types\/product"}],"replies":[{"embeddable":true,"href":"https:\/\/www.tiandifareast.com\/es\/wp-json\/wp\/v2\/comments?post=2869"}],"wp:featuredmedia":[{"embeddable":true,"href":"https:\/\/www.tiandifareast.com\/es\/wp-json\/wp\/v2\/media\/2870"}],"wp:attachment":[{"href":"https:\/\/www.tiandifareast.com\/es\/wp-json\/wp\/v2\/media?parent=2869"}],"wp:term":[{"taxonomy":"product_brand","embeddable":true,"href":"https:\/\/www.tiandifareast.com\/es\/wp-json\/wp\/v2\/product_brand?post=2869"},{"taxonomy":"product_cat","embeddable":true,"href":"https:\/\/www.tiandifareast.com\/es\/wp-json\/wp\/v2\/product_cat?post=2869"},{"taxonomy":"product_tag","embeddable":true,"href":"https:\/\/www.tiandifareast.com\/es\/wp-json\/wp\/v2\/product_tag?post=2869"}],"curies":[{"name":"wp","href":"https:\/\/api.w.org\/{rel}","templated":true}]}}