{"id":2873,"date":"2026-01-17T11:19:15","date_gmt":"2026-01-17T03:19:15","guid":{"rendered":"http:\/\/www.tiandifareast.com\/?post_type=product&#038;p=2873"},"modified":"2026-01-17T11:19:16","modified_gmt":"2026-01-17T03:19:16","slug":"high-light-transmittance-eva-resin-manufacturer-cas-24937-78-8-for-pv-encapsulant-film-manufactured-in-china","status":"publish","type":"product","link":"https:\/\/www.tiandifareast.com\/es\/producto\/high-light-transmittance-eva-resin-manufacturer-cas-24937-78-8-for-pv-encapsulant-film-manufactured-in-china","title":{"rendered":"Fabricante de resina EVA de alta transmitancia de luz CAS 24937-78-8 para pel\u00edcula encapsulante fotovoltaica Fabricado en China"},"content":{"rendered":"<p>Aspecto: ESCAMAS\/PERLAS\/POLVO<br \/>\nEmbalaje\uff1a25KG\/BAG<br \/>\nLa resina EVA de alta transmisi\u00f3n luminosa (CAS 24937-78-8) es el material b\u00e1sico de las pel\u00edculas encapsulantes fotovoltaicas de alta calidad, ya que ofrece una claridad \u00f3ptica excepcional, resistencia a los rayos UV y fuerza de adhesi\u00f3n, fundamentales para la durabilidad de los m\u00f3dulos solares. Sus aplicaciones abarcan los sistemas solares fotovoltaicos, donde protege las c\u00e9lulas solares de la humedad y el estr\u00e9s t\u00e9rmico, al tiempo que maximiza la transmisi\u00f3n de la luz para aumentar la eficiencia de la conversi\u00f3n energ\u00e9tica. M\u00e1s all\u00e1 de la energ\u00eda fotovoltaica, esta vers\u00e1til resina sirve para envases flexibles de alto rendimiento, componentes interiores de autom\u00f3viles y difusores de iluminaci\u00f3n LED, aprovechando su baja opacidad y su excelente compatibilidad con agentes reticulantes.<\/p>\n<table>\n<tbody>\n<tr>\n<td width=\"138\"><strong>Art\u00edculo<\/strong><\/td>\n<td width=\"138\"><strong>Grado industrial (\u226599.5%)<\/strong><\/td>\n<td width=\"138\"><strong>Grado de bater\u00eda (\u226599.9%)<\/strong><\/td>\n<td width=\"138\"><strong>Bater\u00eda de alta pureza (\u226599.99%)<\/strong><\/td>\n<\/tr>\n<tr>\n<td width=\"138\">Pureza (GC)<\/td>\n<td width=\"138\">\u226599.5%<\/td>\n<td width=\"138\">\u226599.9%<\/td>\n<td width=\"138\">\u226599.99%<\/td>\n<\/tr>\n<tr>\n<td width=\"138\">Apariencia<\/td>\n<td width=\"138\">L\u00edquido transparente incoloro<\/td>\n<td width=\"138\">L\u00edquido transparente incoloro<\/td>\n<td width=\"138\">L\u00edquido transparente incoloro<\/td>\n<\/tr>\n<tr>\n<td width=\"138\">Punto de fusi\u00f3n<\/td>\n<td width=\"138\">19-22\u2103<\/td>\n<td width=\"138\">19-22\u2103<\/td>\n<td width=\"138\">19-22\u2103<\/td>\n<\/tr>\n<tr>\n<td width=\"138\">Contenido de humedad<\/td>\n<td width=\"138\">\u2264500 ppm<\/td>\n<td width=\"138\">\u2264200 ppm<\/td>\n<td width=\"138\">\u226450 ppm<\/td>\n<\/tr>\n<tr>\n<td width=\"138\">\u00cdndice de acidez (como H\u2082SO\u2084)<\/td>\n<td width=\"138\">\u2264100 ppm<\/td>\n<td width=\"138\">\u226450 ppm<\/td>\n<td width=\"138\">\u226420 ppm<\/td>\n<\/tr>\n<tr>\n<td width=\"138\">I\u00f3n cloruro (Cl-)<\/td>\n<td width=\"138\">\u226450 ppm<\/td>\n<td width=\"138\">\u226420 ppm<\/td>\n<td width=\"138\">\u22645 ppm<\/td>\n<\/tr>\n<tr>\n<td width=\"138\">Contenido en hierro (Fe)<\/td>\n<td width=\"138\">\u226410 ppm<\/td>\n<td width=\"138\">\u22645 ppm<\/td>\n<td width=\"138\">\u22641 ppm<\/td>\n<\/tr>\n<tr>\n<td width=\"138\">N\u00ba CAS.<\/td>\n<td width=\"138\">872-36-6<\/td>\n<td width=\"138\">872-36-6<\/td>\n<td width=\"138\">872-36-6<\/td>\n<\/tr>\n<tr>\n<td width=\"138\">Norma de envasado<\/td>\n<td width=\"138\">Bid\u00f3n de 200 kg\/HDPE<\/td>\n<td width=\"138\">Bid\u00f3n de 200 kg\/HDPE<\/td>\n<td width=\"138\">Bid\u00f3n de 200 kg\/HDPE (relleno de nitr\u00f3geno)<\/td>\n<\/tr>\n<\/tbody>\n<\/table>","protected":false},"excerpt":{"rendered":"<p>Resina EVA de alta transmitancia luminosa (CAS 24937-78-8) para pel\u00edcula encapsulante fotovoltaica<br \/>\nResina EVA de primera calidad dise\u00f1ada para el encapsulado de paneles solares, que ofrece una excepcional transmisi\u00f3n de la luz para maximizar la eficiencia de los m\u00f3dulos. Ofrece una excelente adherencia, resistencia a los rayos UV y durabilidad a la intemperie, garantizando la estabilidad a largo plazo de los sistemas fotovoltaicos. Ideal para proyectos solares comerciales y residenciales.<\/p>\n<p>Marca HKTD-EVA017<br \/>\nCategor\u00eda Nuevos materiales energ\u00e9ticos de alto rendimiento<br \/>\nAplicaci\u00f3n Industria fotovoltaica de nuevas energ\u00edas\/Industria de embalajes \u00f3pticos\/Industria de iluminaci\u00f3n y pantallas\/Industria agr\u00edcola\/Industria m\u00e9dica<\/p>","protected":false},"featured_media":2874,"comment_status":"closed","ping_status":"closed","template":"","meta":[],"product_brand":[],"product_cat":[49],"product_tag":[],"class_list":{"0":"post-2873","1":"product","2":"type-product","3":"status-publish","4":"has-post-thumbnail","6":"product_cat-high-performance-new-energy-materials","8":"first","9":"instock","10":"shipping-taxable","11":"purchasable","12":"product-type-simple"},"_links":{"self":[{"href":"https:\/\/www.tiandifareast.com\/es\/wp-json\/wp\/v2\/product\/2873","targetHints":{"allow":["GET"]}}],"collection":[{"href":"https:\/\/www.tiandifareast.com\/es\/wp-json\/wp\/v2\/product"}],"about":[{"href":"https:\/\/www.tiandifareast.com\/es\/wp-json\/wp\/v2\/types\/product"}],"replies":[{"embeddable":true,"href":"https:\/\/www.tiandifareast.com\/es\/wp-json\/wp\/v2\/comments?post=2873"}],"wp:featuredmedia":[{"embeddable":true,"href":"https:\/\/www.tiandifareast.com\/es\/wp-json\/wp\/v2\/media\/2874"}],"wp:attachment":[{"href":"https:\/\/www.tiandifareast.com\/es\/wp-json\/wp\/v2\/media?parent=2873"}],"wp:term":[{"taxonomy":"product_brand","embeddable":true,"href":"https:\/\/www.tiandifareast.com\/es\/wp-json\/wp\/v2\/product_brand?post=2873"},{"taxonomy":"product_cat","embeddable":true,"href":"https:\/\/www.tiandifareast.com\/es\/wp-json\/wp\/v2\/product_cat?post=2873"},{"taxonomy":"product_tag","embeddable":true,"href":"https:\/\/www.tiandifareast.com\/es\/wp-json\/wp\/v2\/product_tag?post=2873"}],"curies":[{"name":"wp","href":"https:\/\/api.w.org\/{rel}","templated":true}]}}