{"id":2924,"date":"2026-01-17T11:50:05","date_gmt":"2026-01-17T03:50:05","guid":{"rendered":"http:\/\/www.tiandifareast.com\/?post_type=product&#038;p=2924"},"modified":"2026-01-17T11:50:05","modified_gmt":"2026-01-17T03:50:05","slug":"nn-dimethyldecanamide-high-purity-amide-solvent-for-industrial-applications-manufactured-in-china","status":"publish","type":"product","link":"https:\/\/www.tiandifareast.com\/es\/producto\/nn-dimethyldecanamide-high-purity-amide-solvent-for-industrial-applications-manufactured-in-china","title":{"rendered":"N,N-Dimetildecanamida | Disolvente amida de gran pureza para aplicaciones industriales Fabricado en China"},"content":{"rendered":"<p>Aspecto:Escama<br \/>\nEmbalaje\uff1a25KG\/BAG.160 KG\/STEEL DRUM.800 KG\/IBC TANK<br \/>\nN,N-Dimetildecanamida (DMDA) de grado industrial | Alta pureza, suministro estable. Qu\u00edmica fina no peligrosa para diversas aplicaciones. Precio de f\u00e1brica competitivo, entrega r\u00e1pida, opciones de embalaje personalizadas.<\/p>\n<p>Detalles<br \/>\nContenido\uff08\u542b\u91cf\uff09 % MIN 90%<br \/>\nAmina Valor mgkOH\/g (\u603b\u80fa\u503c\uff09 107-115<br \/>\nPunto de fusi\u00f3n\uff08\u7194\u70b9\uff09 \u2103 39-45<\/p>","protected":false},"excerpt":{"rendered":"<p>N,N-Dimetildecanamida de primera calidad: disolvente de amidas e intermedio tensioactivo no peligroso de gran pureza. Ideal para s\u00edntesis industrial. Suministro a granel con precios competitivos, entrega r\u00e1pida en todo el mundo. Proveedor de qu\u00edmica fina de confianza.<\/p>\n<p>Marca HKTD-008<br \/>\nCategor\u00eda Aminas primarias de gama alta<br \/>\nAplicaci\u00f3n N,N-Dimetildecanamida (DMDA) de primera calidad: qu\u00edmica fina industrial no peligrosa. Ideal para usos intermedios y como disolvente. Envasado a medida, conforme a las normas de exportaci\u00f3n, suministro fiable. Precios directos de f\u00e1brica para compradores de todo el mundo.<\/p>\n<p>&nbsp;<\/p>","protected":false},"featured_media":2914,"comment_status":"closed","ping_status":"closed","template":"","meta":[],"product_brand":[],"product_cat":[15],"product_tag":[],"class_list":{"0":"post-2924","1":"product","2":"type-product","3":"status-publish","4":"has-post-thumbnail","6":"product_cat-high-end-amide-series","8":"first","9":"instock","10":"shipping-taxable","11":"purchasable","12":"product-type-simple"},"_links":{"self":[{"href":"https:\/\/www.tiandifareast.com\/es\/wp-json\/wp\/v2\/product\/2924","targetHints":{"allow":["GET"]}}],"collection":[{"href":"https:\/\/www.tiandifareast.com\/es\/wp-json\/wp\/v2\/product"}],"about":[{"href":"https:\/\/www.tiandifareast.com\/es\/wp-json\/wp\/v2\/types\/product"}],"replies":[{"embeddable":true,"href":"https:\/\/www.tiandifareast.com\/es\/wp-json\/wp\/v2\/comments?post=2924"}],"wp:featuredmedia":[{"embeddable":true,"href":"https:\/\/www.tiandifareast.com\/es\/wp-json\/wp\/v2\/media\/2914"}],"wp:attachment":[{"href":"https:\/\/www.tiandifareast.com\/es\/wp-json\/wp\/v2\/media?parent=2924"}],"wp:term":[{"taxonomy":"product_brand","embeddable":true,"href":"https:\/\/www.tiandifareast.com\/es\/wp-json\/wp\/v2\/product_brand?post=2924"},{"taxonomy":"product_cat","embeddable":true,"href":"https:\/\/www.tiandifareast.com\/es\/wp-json\/wp\/v2\/product_cat?post=2924"},{"taxonomy":"product_tag","embeddable":true,"href":"https:\/\/www.tiandifareast.com\/es\/wp-json\/wp\/v2\/product_tag?post=2924"}],"curies":[{"name":"wp","href":"https:\/\/api.w.org\/{rel}","templated":true}]}}