{"id":2926,"date":"2026-01-17T11:51:02","date_gmt":"2026-01-17T03:51:02","guid":{"rendered":"http:\/\/www.tiandifareast.com\/?post_type=product&#038;p=2926"},"modified":"2026-01-17T11:51:02","modified_gmt":"2026-01-17T03:51:02","slug":"behenamide-cas-3061-75-4-uses-premium-release-agent-for-high-performance-substrates-manufactured-in-china","status":"publish","type":"product","link":"https:\/\/www.tiandifareast.com\/es\/producto\/behenamide-cas-3061-75-4-uses-premium-release-agent-for-high-performance-substrates-manufactured-in-china","title":{"rendered":"BEHENAMIDA CAS 3061-75-4 usos: Agente desmoldeante de primera calidad para sustratos de alto rendimiento Fabricado en China"},"content":{"rendered":"<p>Visi\u00f3n general<br \/>\nAspecto:Cuenta<br \/>\nEmbalaje\uff1a25kg netos por bolsa\uff0c600-700kg\/pal\u00e9<br \/>\nNuestro producto BEHENAMIDAEsencial para la lubricaci\u00f3n de grasas, el procesamiento del caucho y los fluidos metal\u00fargicos.<br \/>\nProcesado de caucho y elast\u00f3meros: Sirve como desmoldeante interno\/externo para NR, SBR y TPE. Evita que el caucho se pegue a los moldes durante la vulcanizaci\u00f3n y mejora la suavidad de la superficie del producto.<br \/>\nFormulaci\u00f3n de lubricantes: Mejora el rendimiento de los lubricantes industriales y de automoci\u00f3n: reduce la fricci\u00f3n entre los componentes met\u00e1licos, mejora la estabilidad a altas temperaturas y prolonga la vida \u00fatil del lubricante.<br \/>\nDispersante para revestimientos y tintas: Mejora la dispersi\u00f3n de pigmentos en revestimientos industriales, tintas de impresi\u00f3n y asfalto. Evita la sedimentaci\u00f3n del pigmento y garantiza una distribuci\u00f3n uniforme del color en los productos finales.<\/p>\n<p>Detalles<br \/>\nContenido\uff08\u542b\u91cf\uff09 % MIN 98.5%<br \/>\n\u00cdndice de yodo(\u7898\u503c\uff09gI2\/100g MAX 2 Punto de fusi\u00f3n\uff08\u7194\u70b9\uff09\u2103 105-115<\/p>","protected":false},"excerpt":{"rendered":"<p>La behenamida (tambi\u00e9n conocida como docosanamida), un vers\u00e1til tensioactivo no i\u00f3nico derivado de fuentes vegetales como el aceite de colza, es un s\u00f3lido ceroso de color blanco a blanquecino conocido por su excepcional estabilidad y rendimiento multifuncional. Con una pureza de \u226598% y el cumplimiento de las normas mundiales, incluido el Reglamento 10\/2011 de la UE para materiales en contacto con alimentos, sirve como aditivo cr\u00edtico en pl\u00e1sticos, cosm\u00e9ticos, lubricantes y m\u00e1s aplicaciones industriales y de consumo.<\/p>\n<p>Marca HKTD-B98004<br \/>\nCategor\u00eda Serie Amida de gama alta<br \/>\nAplicaci\u00f3n La behenamida (tambi\u00e9n llamada docosanamida) es un s\u00f3lido ceroso no t\u00f3xico de alto rendimiento que ofrece ventajas multifuncionales en pl\u00e1sticos, cosm\u00e9ticos, lubricantes y fabricaci\u00f3n industrial. Su excelente estabilidad t\u00e9rmica, hidrofobicidad y compatibilidad con materiales org\u00e1nicos e inorg\u00e1nicos la convierten en el aditivo preferido de los fabricantes de todo el mundo que desean cumplir normas estrictas como REACH de la UE, TSCA de EE.UU. y la normativa sobre contacto con alimentos (UE 10\/2011).<\/p>","protected":false},"featured_media":2927,"comment_status":"closed","ping_status":"closed","template":"","meta":[],"product_brand":[],"product_cat":[15],"product_tag":[],"class_list":{"0":"post-2926","1":"product","2":"type-product","3":"status-publish","4":"has-post-thumbnail","6":"product_cat-high-end-amide-series","8":"first","9":"instock","10":"shipping-taxable","11":"purchasable","12":"product-type-simple"},"_links":{"self":[{"href":"https:\/\/www.tiandifareast.com\/es\/wp-json\/wp\/v2\/product\/2926","targetHints":{"allow":["GET"]}}],"collection":[{"href":"https:\/\/www.tiandifareast.com\/es\/wp-json\/wp\/v2\/product"}],"about":[{"href":"https:\/\/www.tiandifareast.com\/es\/wp-json\/wp\/v2\/types\/product"}],"replies":[{"embeddable":true,"href":"https:\/\/www.tiandifareast.com\/es\/wp-json\/wp\/v2\/comments?post=2926"}],"wp:featuredmedia":[{"embeddable":true,"href":"https:\/\/www.tiandifareast.com\/es\/wp-json\/wp\/v2\/media\/2927"}],"wp:attachment":[{"href":"https:\/\/www.tiandifareast.com\/es\/wp-json\/wp\/v2\/media?parent=2926"}],"wp:term":[{"taxonomy":"product_brand","embeddable":true,"href":"https:\/\/www.tiandifareast.com\/es\/wp-json\/wp\/v2\/product_brand?post=2926"},{"taxonomy":"product_cat","embeddable":true,"href":"https:\/\/www.tiandifareast.com\/es\/wp-json\/wp\/v2\/product_cat?post=2926"},{"taxonomy":"product_tag","embeddable":true,"href":"https:\/\/www.tiandifareast.com\/es\/wp-json\/wp\/v2\/product_tag?post=2926"}],"curies":[{"name":"wp","href":"https:\/\/api.w.org\/{rel}","templated":true}]}}