{"id":2929,"date":"2026-01-17T11:52:04","date_gmt":"2026-01-17T03:52:04","guid":{"rendered":"http:\/\/www.tiandifareast.com\/?post_type=product&#038;p=2929"},"modified":"2026-01-17T11:52:15","modified_gmt":"2026-01-17T03:52:15","slug":"stearamide-cas-124-26-5-industrial-anti-blocking-agent-for-packaging-films-coatings-manufactured-in-china","status":"publish","type":"product","link":"https:\/\/www.tiandifareast.com\/es\/producto\/stearamide-cas-124-26-5-industrial-anti-blocking-agent-for-packaging-films-coatings-manufactured-in-china","title":{"rendered":"Estearamida CAS 124-26-5 Agente antibloqueo industrial para pel\u00edculas de envasado y revestimientos Fabricado en China"},"content":{"rendered":"<p>Visi\u00f3n general<br \/>\nAspecto: gr\u00e1nulo, perla, microperla.<br \/>\nEmbalaje\uff1a25kg netos por bolsa\uff0c600-700kg\/pal\u00e9<br \/>\nNuestro producto Stearamide es el verdadero destacado del sector, el aut\u00e9ntico aditivo de alto rendimiento.<br \/>\nSintetizado con precisi\u00f3n: pureza \u226598%, impurezas vol\u00e1tiles m\u00ednimas para un procesamiento estable.<br \/>\nEficacia antideslizante: Reduce el coeficiente de fricci\u00f3n en 40-60% (para l\u00e1minas\/hojas)<br \/>\nRendimiento antibloqueo: Evita la adherencia entre materiales apilados incluso en entornos de alta humedad.<br \/>\nCompatibilidad: Se mezcla perfectamente con PE, PP, PVC y otras poliolefinas.<br \/>\nCon estas propiedades a medida, estamos seguros de que confiar\u00e1 en este aditivo de amida incluso m\u00e1s que en sus coadyuvantes tecnol\u00f3gicos habituales.<\/p>\n<p>Detalles<br \/>\nContenido\uff08\u542b\u91cf\uff09 % MIN 98%<br \/>\n\u00cdndice de yodo(\u7898\u503c\uff09gI2\/100g MAX 2 Punto de fusi\u00f3n\uff08\u7194\u70b9\uff09\u2103 98-103<\/p>","protected":false},"excerpt":{"rendered":"<p>Nuestra estearamida es aut\u00e9ntica. Fabricada con un refinado de precisi\u00f3n para obtener una pureza constante 98%+, ofrece unas propiedades antideslizantes, antibloqueo y antiadherentes insuperables, perfectas para aplicaciones de soplado de pel\u00edculas de pl\u00e1stico, procesamiento de caucho y recubrimiento de tintas. Es totalmente compatible con PE, PP y diversos sustratos, y se dispersa uniformemente para mejorar el acabado de la superficie del producto y reducir el tiempo de inactividad de la producci\u00f3n. Sabemos que confiar\u00e1 en esta estearamida m\u00e1s que en sus auxiliares tecnol\u00f3gicos habituales.<\/p>\n<p>Marca HKTD-S98003<br \/>\nCategor\u00eda Serie Amida de gama alta<br \/>\nAplicaci\u00f3n Nuestra estearamida es aut\u00e9ntica. El art\u00edculo genuino.<br \/>\nSu f\u00f3rmula pura 98%+ brilla en aplicaciones industriales clave:<br \/>\nSoplado de pel\u00edculas de pl\u00e1stico: Aumenta el deslizamiento de la superficie para evitar el bloqueo de la pel\u00edcula, ideal para pel\u00edculas de envasado de PE\/PP que necesitan un manejo suave y f\u00e1cil.<br \/>\nMoldeo de caucho: Mejora la eficacia del desmoldeo a la vez que perfecciona la suavidad de la superficie del producto de caucho, reduciendo el tiempo de procesamiento posterior.<br \/>\nFormulaciones de tintas y revestimientos: Mejora el rendimiento antisuciedad y la imprimibilidad, garantizando acabados n\u00edtidos y duraderos en los materiales impresos.<br \/>\nFunciona a la perfecci\u00f3n con m\u00faltiples sustratos, elevando tanto la calidad del producto como el rendimiento de la producci\u00f3n: depender\u00e1 m\u00e1s de esta estearamida que de los auxiliares tecnol\u00f3gicos gen\u00e9ricos.<\/p>","protected":false},"featured_media":2930,"comment_status":"closed","ping_status":"closed","template":"","meta":[],"product_brand":[],"product_cat":[15],"product_tag":[],"class_list":{"0":"post-2929","1":"product","2":"type-product","3":"status-publish","4":"has-post-thumbnail","6":"product_cat-high-end-amide-series","8":"first","9":"instock","10":"shipping-taxable","11":"purchasable","12":"product-type-simple"},"_links":{"self":[{"href":"https:\/\/www.tiandifareast.com\/es\/wp-json\/wp\/v2\/product\/2929","targetHints":{"allow":["GET"]}}],"collection":[{"href":"https:\/\/www.tiandifareast.com\/es\/wp-json\/wp\/v2\/product"}],"about":[{"href":"https:\/\/www.tiandifareast.com\/es\/wp-json\/wp\/v2\/types\/product"}],"replies":[{"embeddable":true,"href":"https:\/\/www.tiandifareast.com\/es\/wp-json\/wp\/v2\/comments?post=2929"}],"wp:featuredmedia":[{"embeddable":true,"href":"https:\/\/www.tiandifareast.com\/es\/wp-json\/wp\/v2\/media\/2930"}],"wp:attachment":[{"href":"https:\/\/www.tiandifareast.com\/es\/wp-json\/wp\/v2\/media?parent=2929"}],"wp:term":[{"taxonomy":"product_brand","embeddable":true,"href":"https:\/\/www.tiandifareast.com\/es\/wp-json\/wp\/v2\/product_brand?post=2929"},{"taxonomy":"product_cat","embeddable":true,"href":"https:\/\/www.tiandifareast.com\/es\/wp-json\/wp\/v2\/product_cat?post=2929"},{"taxonomy":"product_tag","embeddable":true,"href":"https:\/\/www.tiandifareast.com\/es\/wp-json\/wp\/v2\/product_tag?post=2929"}],"curies":[{"name":"wp","href":"https:\/\/api.w.org\/{rel}","templated":true}]}}