{"id":2932,"date":"2026-01-17T11:53:27","date_gmt":"2026-01-17T03:53:27","guid":{"rendered":"http:\/\/www.tiandifareast.com\/?post_type=product&#038;p=2932"},"modified":"2026-01-17T11:53:27","modified_gmt":"2026-01-17T03:53:27","slug":"erucamide-cas-112-84-5-98-lubricant-additive-suitable-for-pvc-abs-pa-pp-engineering-plastic-manufactured-in-china","status":"publish","type":"product","link":"https:\/\/www.tiandifareast.com\/es\/producto\/erucamide-cas-112-84-5-98-lubricant-additive-suitable-for-pvc-abs-pa-pp-engineering-plastic-manufactured-in-china","title":{"rendered":"Erucamide CAS 112-84-5 98% Aditivo lubricante - Adecuado para PVC\/ABS\/PA\/PP\/ Pl\u00e1stico t\u00e9cnico Fabricado en China"},"content":{"rendered":"<p>Visi\u00f3n general<br \/>\nAspecto: gr\u00e1nulo, perla, microperla.<br \/>\nEmbalaje\uff1a25kg netos por bolsa\uff0c600-700kg\/pal\u00e9<br \/>\nNuestro producto oleamida es el que realmente destaca en la industria: el aut\u00e9ntico aditivo de alto rendimiento.<br \/>\nSintetizado con precisi\u00f3n: pureza \u226598%, impurezas vol\u00e1tiles m\u00ednimas para un procesamiento estable.<br \/>\nEficacia antideslizante: Reduce el coeficiente de fricci\u00f3n en 40-60% (para l\u00e1minas\/hojas)<br \/>\nRendimiento antibloqueo: Evita la adherencia entre materiales apilados incluso en entornos de alta humedad.<br \/>\nCompatibilidad: Se mezcla perfectamente con PE, PP, PVC y otras poliolefinas.<br \/>\nCon estas propiedades a medida, estamos seguros de que confiar\u00e1 en este aditivo de amida incluso m\u00e1s que en sus coadyuvantes tecnol\u00f3gicos habituales.<\/p>\n<p>Detalles<br \/>\nContenido\uff08\u542b\u91cf\uff09 % MIN 98.5%<br \/>\n\u00cdndice de yodo(\u7898\u503c\uff09gI2\/100g 72-78 Punto de fusi\u00f3n\uff08\u7194\u70b9\uff09\u2103 77-85<\/p>","protected":false},"excerpt":{"rendered":"<p>Nuestro Erucamide es el aut\u00e9ntico aditivo de rendimiento industrial que estaba buscando.<br \/>\nPurificado con precisi\u00f3n hasta alcanzar una pureza constante de 98%+, ofrece propiedades antideslizantes, antibloqueo y antiadherentes insuperables, perfectas para el soplado de pel\u00edculas de pl\u00e1stico, el procesamiento de caucho y las aplicaciones de impresi\u00f3n de tinta. Compatible con m\u00faltiples sustratos, se dispersa uniformemente para aumentar el brillo de la superficie y la eficacia de la producci\u00f3n. Estamos seguros de que este aditivo de alto rendimiento le gustar\u00e1 incluso m\u00e1s que sus lubricantes est\u00e1ndar.<\/p>\n<p>Marca HKTD-E98002<br \/>\nCategor\u00eda Serie Amida de gama alta<br \/>\nAplicaci\u00f3n Nuestra Erucamida es el aut\u00e9ntico aditivo de gran pureza dise\u00f1ado para un uso industrial fiable.<br \/>\nCon la pureza constante de 98%+, brilla en aplicaciones clave:<br \/>\nSoplado de pel\u00edculas de pl\u00e1stico: Mejora el deslizamiento de la superficie para reducir la fricci\u00f3n y evitar el bloqueo del film, ideal para films de envasado de PE\/PP.<br \/>\nProcesamiento del caucho: Aumenta la eficacia del desmoldeo a la vez que mejora la suavidad de la superficie del producto de caucho.Formulaciones de tintas y revestimientos: Mejora la imprimibilidad y el rendimiento antisuciedad para obtener acabados de alta calidad.<br \/>\nEs compatible con m\u00faltiples sustratos, se dispersa uniformemente y aumenta el rendimiento de la producci\u00f3n: confiar\u00e1 en esta Erucamida m\u00e1s que en sus auxiliares tecnol\u00f3gicos est\u00e1ndar.<\/p>\n<p>&nbsp;<\/p>","protected":false},"featured_media":2933,"comment_status":"closed","ping_status":"closed","template":"","meta":[],"product_brand":[],"product_cat":[15],"product_tag":[],"class_list":{"0":"post-2932","1":"product","2":"type-product","3":"status-publish","4":"has-post-thumbnail","6":"product_cat-high-end-amide-series","8":"first","9":"instock","10":"shipping-taxable","11":"purchasable","12":"product-type-simple"},"_links":{"self":[{"href":"https:\/\/www.tiandifareast.com\/es\/wp-json\/wp\/v2\/product\/2932","targetHints":{"allow":["GET"]}}],"collection":[{"href":"https:\/\/www.tiandifareast.com\/es\/wp-json\/wp\/v2\/product"}],"about":[{"href":"https:\/\/www.tiandifareast.com\/es\/wp-json\/wp\/v2\/types\/product"}],"replies":[{"embeddable":true,"href":"https:\/\/www.tiandifareast.com\/es\/wp-json\/wp\/v2\/comments?post=2932"}],"wp:featuredmedia":[{"embeddable":true,"href":"https:\/\/www.tiandifareast.com\/es\/wp-json\/wp\/v2\/media\/2933"}],"wp:attachment":[{"href":"https:\/\/www.tiandifareast.com\/es\/wp-json\/wp\/v2\/media?parent=2932"}],"wp:term":[{"taxonomy":"product_brand","embeddable":true,"href":"https:\/\/www.tiandifareast.com\/es\/wp-json\/wp\/v2\/product_brand?post=2932"},{"taxonomy":"product_cat","embeddable":true,"href":"https:\/\/www.tiandifareast.com\/es\/wp-json\/wp\/v2\/product_cat?post=2932"},{"taxonomy":"product_tag","embeddable":true,"href":"https:\/\/www.tiandifareast.com\/es\/wp-json\/wp\/v2\/product_tag?post=2932"}],"curies":[{"name":"wp","href":"https:\/\/api.w.org\/{rel}","templated":true}]}}