{"id":2935,"date":"2026-01-17T11:54:10","date_gmt":"2026-01-17T03:54:10","guid":{"rendered":"http:\/\/www.tiandifareast.com\/?post_type=product&#038;p=2935"},"modified":"2026-01-17T11:54:10","modified_gmt":"2026-01-17T03:54:10","slug":"oleamide-cas-301-02-0-98-purity-plastic-processing-lubricant-demolding-aid-manufactured-in-china","status":"publish","type":"product","link":"https:\/\/www.tiandifareast.com\/es\/producto\/oleamide-cas-301-02-0-98-purity-plastic-processing-lubricant-demolding-aid-manufactured-in-china","title":{"rendered":"Oleamida CAS 301-02-0 98% Pureza | Lubricante para procesamiento de pl\u00e1sticos y ayuda al desmoldeo Fabricado en China"},"content":{"rendered":"<p>Visi\u00f3n general<br \/>\nAspecto: gr\u00e1nulo, perla, microperla.<br \/>\nEmbalaje\uff1a25kg netos por bolsa\uff0c600-700kg\/pal\u00e9<br \/>\nNuestro producto oleamida es el que realmente destaca en la industria: el aut\u00e9ntico aditivo de alto rendimiento.<br \/>\nSintetizado con precisi\u00f3n: pureza \u226598%, impurezas vol\u00e1tiles m\u00ednimas para un procesamiento estable.<br \/>\nEficacia antideslizante: Reduce el coeficiente de fricci\u00f3n en 40-60% (para l\u00e1minas\/hojas)<br \/>\nRendimiento antibloqueo: Evita la adherencia entre materiales apilados incluso en entornos de alta humedad.<br \/>\nCompatibilidad: Se mezcla perfectamente con PE, PP, PVC y otras poliolefinas.<br \/>\nCon estas propiedades a medida, estamos seguros de que confiar\u00e1 en este aditivo de amida incluso m\u00e1s que en sus coadyuvantes tecnol\u00f3gicos habituales.<\/p>\n<p>Detalles<br \/>\nContenido\uff08\u542b\u91cf\uff09 % MIN 98%<br \/>\n\u00cdndice de yodo(\u7898\u503c\uff09gI2\/100g 80-95 Punto de fusi\u00f3n\uff08\u7194\u70b9\uff09\u2103 71-78<\/p>","protected":false},"excerpt":{"rendered":"<p>Descripci\u00f3n<br \/>\nNuestra oleamida es aut\u00e9ntica. El art\u00edculo genuino. 98% pura, conforme a REACH, con un excelente rendimiento antideslizante y antibloqueo para pl\u00e1sticos\/tintas: sabemos que confiar\u00e1 en este aditivo incluso m\u00e1s que en sus auxiliares de producci\u00f3n habituales.<\/p>\n<p>Marca HKTD-P98001<br \/>\nCategor\u00eda Serie Amida de gama alta<br \/>\nAplicaci\u00f3n La oleamida (CAS 301-02-0) brilla como agente deslizante pl\u00e1stico para pel\u00edculas de PE\/PP: reduce la fricci\u00f3n, evita que se peguen y aumenta la eficacia de las l\u00edneas de envasado de alta velocidad. Como aditivo antibloqueo para tintas pl\u00e1sticas, mejora la suavidad de impresi\u00f3n y la resistencia al rayado. Para el procesamiento del caucho, este agente lubricante facilita el desmoldeo y aumenta el brillo de la superficie. Cumple con REACH, no es peligroso y es el agente antiest\u00e1tico industrial de referencia para pol\u00edmeros.<\/p>\n<p>&nbsp;<\/p>","protected":false},"featured_media":2936,"comment_status":"closed","ping_status":"closed","template":"","meta":[],"product_brand":[],"product_cat":[15],"product_tag":[],"class_list":{"0":"post-2935","1":"product","2":"type-product","3":"status-publish","4":"has-post-thumbnail","6":"product_cat-high-end-amide-series","8":"first","9":"instock","10":"shipping-taxable","11":"purchasable","12":"product-type-simple"},"_links":{"self":[{"href":"https:\/\/www.tiandifareast.com\/es\/wp-json\/wp\/v2\/product\/2935","targetHints":{"allow":["GET"]}}],"collection":[{"href":"https:\/\/www.tiandifareast.com\/es\/wp-json\/wp\/v2\/product"}],"about":[{"href":"https:\/\/www.tiandifareast.com\/es\/wp-json\/wp\/v2\/types\/product"}],"replies":[{"embeddable":true,"href":"https:\/\/www.tiandifareast.com\/es\/wp-json\/wp\/v2\/comments?post=2935"}],"wp:featuredmedia":[{"embeddable":true,"href":"https:\/\/www.tiandifareast.com\/es\/wp-json\/wp\/v2\/media\/2936"}],"wp:attachment":[{"href":"https:\/\/www.tiandifareast.com\/es\/wp-json\/wp\/v2\/media?parent=2935"}],"wp:term":[{"taxonomy":"product_brand","embeddable":true,"href":"https:\/\/www.tiandifareast.com\/es\/wp-json\/wp\/v2\/product_brand?post=2935"},{"taxonomy":"product_cat","embeddable":true,"href":"https:\/\/www.tiandifareast.com\/es\/wp-json\/wp\/v2\/product_cat?post=2935"},{"taxonomy":"product_tag","embeddable":true,"href":"https:\/\/www.tiandifareast.com\/es\/wp-json\/wp\/v2\/product_tag?post=2935"}],"curies":[{"name":"wp","href":"https:\/\/api.w.org\/{rel}","templated":true}]}}