{"id":2853,"date":"2026-01-17T11:04:46","date_gmt":"2026-01-17T03:04:46","guid":{"rendered":"http:\/\/www.tiandifareast.com\/?post_type=product&#038;p=2853"},"modified":"2026-01-17T11:06:49","modified_gmt":"2026-01-17T03:06:49","slug":"aluminum-stearate-cas-637-12-7-anti-caking-additive-for-compound-fertilizer-production-manufactured-in-china","status":"publish","type":"product","link":"https:\/\/www.tiandifareast.com\/pt\/produto\/aluminum-stearate-cas-637-12-7-anti-caking-additive-for-compound-fertilizer-production-manufactured-in-china","title":{"rendered":"Estearato de alum\u00ednio CAS 637-12-7 Aditivo antiaglomerante para produ\u00e7\u00e3o de fertilizantes compostos fabricado na China"},"content":{"rendered":"<p>Apar\u00eancia:GRANULE\/BEAD<br \/>\nEmbalagem\uff1a25KG\/BAG<br \/>\nO estearato de alum\u00ednio de alta pureza serve como um aditivo industrial multifuncional em diversos setores de alto valor, com benef\u00edcios de desempenho personalizados para cada ind\u00fastria:<br \/>\nFabrica\u00e7\u00e3o de fertilizantes<br \/>\nComo um agente antiaglomerante premium para fertilizantes compostos, misturas de NPK e gr\u00e2nulos de ureia, ele forma um revestimento hidrof\u00f3bico nas part\u00edculas de fertilizante para evitar a aglomera\u00e7\u00e3o durante o armazenamento e o transporte de longo prazo. Ideal para produtores de fertilizantes que visam mercados com alta umidade, ele melhora a fluidez do produto e a efici\u00eancia da aplica\u00e7\u00e3o mecanizada.<br \/>\nProcessamento de pl\u00e1sticos e borracha<br \/>\nAtua como lubrificante e agente de libera\u00e7\u00e3o de moldes para produtos de PVC, PE, PP e borracha. Reduz o atrito entre as part\u00edculas de resina e o maquin\u00e1rio de processamento, aumenta a efici\u00eancia da libera\u00e7\u00e3o do molde e melhora o acabamento da superf\u00edcie de filmes pl\u00e1sticos, tubos e veda\u00e7\u00f5es de borracha. Sua alta estabilidade t\u00e9rmica o torna adequado para processos de extrus\u00e3o de alta temperatura.<br \/>\nInd\u00fastria de tintas e revestimentos<br \/>\nFunciona como um agente anti-sedimenta\u00e7\u00e3o e espessante para revestimentos, tintas e tintas de impress\u00e3o \u00e0 base de solvente e \u00e0 base de \u00e1gua. Evita a sedimenta\u00e7\u00e3o do pigmento durante o armazenamento, garante a distribui\u00e7\u00e3o uniforme da cor e melhora a ades\u00e3o do revestimento a substratos de metal e pl\u00e1stico.<br \/>\nProdutos farmac\u00eauticos e cosm\u00e9ticos<br \/>\nO estearato de alum\u00ednio de grau aliment\u00edcio \u00e9 usado como excipiente em formula\u00e7\u00f5es de comprimidos e como agente espessante em cosm\u00e9ticos (por exemplo, cremes, lo\u00e7\u00f5es) devido \u00e0 sua n\u00e3o toxicidade e excelentes propriedades emulsificantes.<\/p>\n<p>&nbsp;<\/p>\n<table>\n<tbody>\n<tr>\n<td width=\"110\">Categoria de especifica\u00e7\u00e3o<\/td>\n<td width=\"124\">Item de teste<\/td>\n<td width=\"175\">Grau industrial (padr\u00e3o de exporta\u00e7\u00e3o)<\/td>\n<td width=\"159\">Grau aliment\u00edcio\/farmac\u00eautico<\/td>\n<\/tr>\n<tr>\n<td width=\"110\"><strong>Propriedades b\u00e1sicas<\/strong><\/td>\n<td width=\"124\">Apar\u00eancia<\/td>\n<td width=\"175\">P\u00f3 branco\/gr\u00e2nulo\/pasta<\/td>\n<td width=\"159\">P\u00f3 branco sem odor<\/td>\n<\/tr>\n<tr>\n<td width=\"110\"><\/td>\n<td width=\"124\">Conte\u00fado ativo (estearato de alum\u00ednio)<\/td>\n<td width=\"175\">\u226598.0%<\/td>\n<td width=\"159\">\u226599.0%<\/td>\n<\/tr>\n<tr>\n<td width=\"110\"><\/td>\n<td width=\"124\">Teor de umidade<\/td>\n<td width=\"175\">\u22640,5%<\/td>\n<td width=\"159\">\u22640,3%<\/td>\n<\/tr>\n<tr>\n<td width=\"110\"><strong>Composi\u00e7\u00e3o qu\u00edmica<\/strong><\/td>\n<td width=\"124\">Conte\u00fado de alum\u00ednio<\/td>\n<td width=\"175\">4,0-5,0%<\/td>\n<td width=\"159\">4.2-4.8%<\/td>\n<\/tr>\n<tr>\n<td width=\"110\"><\/td>\n<td width=\"124\">\u00c1cido este\u00e1rico livre<\/td>\n<td width=\"175\">\u22642.0%<\/td>\n<td width=\"159\">\u22641.0%<\/td>\n<\/tr>\n<tr>\n<td width=\"110\"><\/td>\n<td width=\"124\">Metal Pesado (Pb)<\/td>\n<td width=\"175\">\u226410 ppm<\/td>\n<td width=\"159\">\u22645 ppm<\/td>\n<\/tr>\n<tr>\n<td width=\"110\"><\/td>\n<td width=\"124\">Heavy Metal (Cd)<\/td>\n<td width=\"175\">\u22645 ppm<\/td>\n<td width=\"159\">\u22642 ppm<\/td>\n<\/tr>\n<tr>\n<td width=\"110\"><strong>Propriedades f\u00edsicas<\/strong><\/td>\n<td width=\"124\">Tamanho da part\u00edcula (D50, p\u00f3)<\/td>\n<td width=\"175\">10-50 \u03bcm<\/td>\n<td width=\"159\">5-20 \u03bcm<\/td>\n<\/tr>\n<tr>\n<td width=\"110\"><\/td>\n<td width=\"124\">Di\u00e2metro do gr\u00e2nulo (gr\u00e2nulo)<\/td>\n<td width=\"175\">0,5-2,0 mm<\/td>\n<td width=\"159\">0,8-1,5 mm<\/td>\n<\/tr>\n<tr>\n<td width=\"110\"><\/td>\n<td width=\"124\">Ponto de fus\u00e3o<\/td>\n<td width=\"175\">100-115\u00b0C<\/td>\n<td width=\"159\">105-110\u00b0C<\/td>\n<\/tr>\n<tr>\n<td width=\"110\"><strong>\u00cdndice de desempenho<\/strong><\/td>\n<td width=\"124\">Hidrofobicidade<\/td>\n<td width=\"175\">Aprovado (\u00e2ngulo de contato com a \u00e1gua \u226590\u00b0)<\/td>\n<td width=\"159\">Passe<\/td>\n<\/tr>\n<tr>\n<td width=\"110\"><\/td>\n<td width=\"124\">Estabilidade de dispers\u00e3o (pasta)<\/td>\n<td width=\"175\">\u226524h (sem estratifica\u00e7\u00e3o)<\/td>\n<td width=\"159\">\u226548h<\/td>\n<\/tr>\n<\/tbody>\n<\/table>","protected":false},"excerpt":{"rendered":"<p>O estearato de alum\u00ednio de alta pureza (CAS 637-12-7) \u00e9 um aditivo hidrof\u00f3bico branco e vers\u00e1til desenvolvido para os setores de pl\u00e1sticos, borracha, fertilizantes e revestimentos. Dispon\u00edvel nas formas de p\u00f3, gr\u00e2nulos e pastas, ele oferece desempenho excepcional como agente antiaglomerante, lubrificante, agente de libera\u00e7\u00e3o de molde e aditivo antiassentamento.<\/p>\n<p>Marca HKTD-AS020<br \/>\nCategoria Agente antiaglomerante<br \/>\nAplica\u00e7\u00e3o Fabrica\u00e7\u00e3o de fertilizantes\/Processamento de pl\u00e1sticos e borracha\/Ind\u00fastria de tintas e revestimentos\/Farmac\u00eautica e cosm\u00e9tica<\/p>","protected":false},"featured_media":2854,"comment_status":"closed","ping_status":"closed","template":"","meta":[],"product_brand":[],"product_cat":[50],"product_tag":[],"class_list":{"0":"post-2853","1":"product","2":"type-product","3":"status-publish","4":"has-post-thumbnail","6":"product_cat-anti-caking-agent","8":"first","9":"instock","10":"shipping-taxable","11":"purchasable","12":"product-type-simple"},"_links":{"self":[{"href":"https:\/\/www.tiandifareast.com\/pt\/wp-json\/wp\/v2\/product\/2853","targetHints":{"allow":["GET"]}}],"collection":[{"href":"https:\/\/www.tiandifareast.com\/pt\/wp-json\/wp\/v2\/product"}],"about":[{"href":"https:\/\/www.tiandifareast.com\/pt\/wp-json\/wp\/v2\/types\/product"}],"replies":[{"embeddable":true,"href":"https:\/\/www.tiandifareast.com\/pt\/wp-json\/wp\/v2\/comments?post=2853"}],"wp:featuredmedia":[{"embeddable":true,"href":"https:\/\/www.tiandifareast.com\/pt\/wp-json\/wp\/v2\/media\/2854"}],"wp:attachment":[{"href":"https:\/\/www.tiandifareast.com\/pt\/wp-json\/wp\/v2\/media?parent=2853"}],"wp:term":[{"taxonomy":"product_brand","embeddable":true,"href":"https:\/\/www.tiandifareast.com\/pt\/wp-json\/wp\/v2\/product_brand?post=2853"},{"taxonomy":"product_cat","embeddable":true,"href":"https:\/\/www.tiandifareast.com\/pt\/wp-json\/wp\/v2\/product_cat?post=2853"},{"taxonomy":"product_tag","embeddable":true,"href":"https:\/\/www.tiandifareast.com\/pt\/wp-json\/wp\/v2\/product_tag?post=2853"}],"curies":[{"name":"wp","href":"https:\/\/api.w.org\/{rel}","templated":true}]}}