{"id":2869,"date":"2026-01-17T11:17:38","date_gmt":"2026-01-17T03:17:38","guid":{"rendered":"http:\/\/www.tiandifareast.com\/?post_type=product&#038;p=2869"},"modified":"2026-01-17T11:17:39","modified_gmt":"2026-01-17T03:17:39","slug":"high-purity-lifepo4-for-commercial-energy-storage-batteries-cas-15365-14-7-stable-cost-effective-manufactured-in-china","status":"publish","type":"product","link":"https:\/\/www.tiandifareast.com\/pt\/produto\/high-purity-lifepo4-for-commercial-energy-storage-batteries-cas-15365-14-7-stable-cost-effective-manufactured-in-china","title":{"rendered":"LiFePO4 de alta pureza para baterias comerciais de armazenamento de energia CAS 15365-14-7| Est\u00e1vel e econ\u00f4mico Fabricado na China"},"content":{"rendered":"<p>Apar\u00eancia:P\u00d3\/P\u00d3<br \/>\nEmbalagem\uff1a25KG\/BAG<br \/>\nO LiFePO\u2084 (fosfato de ferro e l\u00edtio) de alta pureza \u00e9 o material de c\u00e1todo premium para sistemas comerciais de armazenamento de energia (ESS), oferecendo ciclo de vida, estabilidade t\u00e9rmica e densidade de energia inigual\u00e1veis. Ideal para armazenamento de energia em escala de servi\u00e7os p\u00fablicos, energia de reserva em pr\u00e9dios comerciais, redu\u00e7\u00e3o de picos industriais e integra\u00e7\u00e3o de energia renov\u00e1vel (solar\/e\u00f3lica), ele garante uma sa\u00edda de energia confi\u00e1vel mesmo em ambientes adversos. Com pureza \u226599,5%, baixo teor de impurezas e distribui\u00e7\u00e3o consistente do tamanho das part\u00edculas, nosso LiFePO\u2084 minimiza a perda de capacidade, ampliando a vida \u00fatil da bateria para mais de 6.000 ciclos. Ele est\u00e1 em conformidade com os padr\u00f5es UN38.3, CE e RoHS, atendendo aos requisitos de acesso ao mercado global. Feito sob medida para projetos ESS de larga escala, nosso LiFePO\u2084 de alta pureza equilibra custo-benef\u00edcio e desempenho, tornando-o a melhor op\u00e7\u00e3o para compradores B2B que buscam solu\u00e7\u00f5es de armazenamento de energia sustent\u00e1vel.<\/p>\n<table>\n<tbody>\n<tr>\n<td width=\"134\">Categoria de especifica\u00e7\u00e3o<\/td>\n<td width=\"185\">Item de teste<\/td>\n<td width=\"280\">Par\u00e2metros t\u00e9cnicos<\/td>\n<\/tr>\n<tr>\n<td width=\"134\"><strong>Propriedades \u00f3pticas<\/strong><\/td>\n<td width=\"185\">Transmiss\u00e3o de luz (400-1100nm)<\/td>\n<td width=\"280\">\u226592% (0,5 mm de espessura)<\/td>\n<\/tr>\n<tr>\n<td width=\"134\">&nbsp;<\/td>\n<td width=\"185\">Valor da n\u00e9voa<\/td>\n<td width=\"280\">\u22641.0%<\/td>\n<\/tr>\n<tr>\n<td width=\"134\"><strong>Composi\u00e7\u00e3o qu\u00edmica<\/strong><\/td>\n<td width=\"185\">Conte\u00fado de VA (acetato de vinila)<\/td>\n<td width=\"280\">26%-33% (personaliz\u00e1vel)<\/td>\n<\/tr>\n<tr>\n<td width=\"134\">&nbsp;<\/td>\n<td width=\"185\">\u00cdndice de fluxo de fus\u00e3o (MFI)<\/td>\n<td width=\"280\">2,5-6,0 g\/10min (190\u2103\/2,16 kg)<\/td>\n<\/tr>\n<tr>\n<td width=\"134\"><strong>Propriedades de liga\u00e7\u00e3o cruzada<\/strong><\/td>\n<td width=\"185\">Conte\u00fado do gel ap\u00f3s a liga\u00e7\u00e3o cruzada<\/td>\n<td width=\"280\">\u226585%<\/td>\n<\/tr>\n<tr>\n<td width=\"134\">&nbsp;<\/td>\n<td width=\"185\">Taxa de reticula\u00e7\u00e3o<\/td>\n<td width=\"280\">\u226590% (ap\u00f3s 15 minutos, 150 \u2103)<\/td>\n<\/tr>\n<tr>\n<td width=\"134\"><strong>Resist\u00eancia \u00e0s intemp\u00e9ries<\/strong><\/td>\n<td width=\"185\">Resist\u00eancia aos raios UV (teste UV de 1000 horas)<\/td>\n<td width=\"280\">Reten\u00e7\u00e3o de transmit\u00e2ncia \u226588%<\/td>\n<\/tr>\n<tr>\n<td width=\"134\">&nbsp;<\/td>\n<td width=\"185\">Resist\u00eancia ao calor<\/td>\n<td width=\"280\">Sem rachaduras a 120\u2103\/1000h<\/td>\n<\/tr>\n<tr>\n<td width=\"134\"><strong>Propriedades mec\u00e2nicas<\/strong><\/td>\n<td width=\"185\">Resist\u00eancia \u00e0 tra\u00e7\u00e3o<\/td>\n<td width=\"280\">\u226515 MPa<\/td>\n<\/tr>\n<tr>\n<td width=\"134\">&nbsp;<\/td>\n<td width=\"185\">Alongamento na ruptura<\/td>\n<td width=\"280\">\u2265500%<\/td>\n<\/tr>\n<tr>\n<td width=\"134\"><strong>Propriedades ambientais<\/strong><\/td>\n<td width=\"185\">Conte\u00fado de halog\u00eanio<\/td>\n<td width=\"280\">\u226450 ppm<\/td>\n<\/tr>\n<tr>\n<td width=\"134\">&nbsp;<\/td>\n<td width=\"185\">Conte\u00fado de metais pesados (Pb\/Cd\/Hg)<\/td>\n<td width=\"280\">\u226410 ppm cada<\/td>\n<\/tr>\n<\/tbody>\n<\/table>","protected":false},"excerpt":{"rendered":"<p>LiFePO4 de alta pureza para baterias comerciais de armazenamento de energia. Pureza de 99,9%, impurezas ultrabaixas, mais de 12.000 ciclos e excelente estabilidade t\u00e9rmica. Aumenta a densidade de energia e a vida \u00fatil da bateria. Ideal para sistemas de armazenamento comerciais e de rede. Material de catodo confi\u00e1vel e econ\u00f4mico.<\/p>\n<p>Marca HKTD-HPL018<br \/>\nCategoria Materiais de alto desempenho para novas energias<br \/>\nAplica\u00e7\u00e3o Ind\u00fastria de armazenamento de energia \/Ind\u00fastria de transporte el\u00e9trico \/Eletr\u00f4nicos port\u00e1teis e ferramentas el\u00e9tricas\/Nova energia e campos especiais<\/p>","protected":false},"featured_media":2870,"comment_status":"closed","ping_status":"closed","template":"","meta":[],"product_brand":[],"product_cat":[49],"product_tag":[],"class_list":{"0":"post-2869","1":"product","2":"type-product","3":"status-publish","4":"has-post-thumbnail","6":"product_cat-high-performance-new-energy-materials","8":"first","9":"instock","10":"shipping-taxable","11":"purchasable","12":"product-type-simple"},"_links":{"self":[{"href":"https:\/\/www.tiandifareast.com\/pt\/wp-json\/wp\/v2\/product\/2869","targetHints":{"allow":["GET"]}}],"collection":[{"href":"https:\/\/www.tiandifareast.com\/pt\/wp-json\/wp\/v2\/product"}],"about":[{"href":"https:\/\/www.tiandifareast.com\/pt\/wp-json\/wp\/v2\/types\/product"}],"replies":[{"embeddable":true,"href":"https:\/\/www.tiandifareast.com\/pt\/wp-json\/wp\/v2\/comments?post=2869"}],"wp:featuredmedia":[{"embeddable":true,"href":"https:\/\/www.tiandifareast.com\/pt\/wp-json\/wp\/v2\/media\/2870"}],"wp:attachment":[{"href":"https:\/\/www.tiandifareast.com\/pt\/wp-json\/wp\/v2\/media?parent=2869"}],"wp:term":[{"taxonomy":"product_brand","embeddable":true,"href":"https:\/\/www.tiandifareast.com\/pt\/wp-json\/wp\/v2\/product_brand?post=2869"},{"taxonomy":"product_cat","embeddable":true,"href":"https:\/\/www.tiandifareast.com\/pt\/wp-json\/wp\/v2\/product_cat?post=2869"},{"taxonomy":"product_tag","embeddable":true,"href":"https:\/\/www.tiandifareast.com\/pt\/wp-json\/wp\/v2\/product_tag?post=2869"}],"curies":[{"name":"wp","href":"https:\/\/api.w.org\/{rel}","templated":true}]}}