{"id":2926,"date":"2026-01-17T11:51:02","date_gmt":"2026-01-17T03:51:02","guid":{"rendered":"http:\/\/www.tiandifareast.com\/?post_type=product&#038;p=2926"},"modified":"2026-01-17T11:51:02","modified_gmt":"2026-01-17T03:51:02","slug":"behenamide-cas-3061-75-4-uses-premium-release-agent-for-high-performance-substrates-manufactured-in-china","status":"publish","type":"product","link":"https:\/\/www.tiandifareast.com\/pt\/produto\/behenamide-cas-3061-75-4-uses-premium-release-agent-for-high-performance-substrates-manufactured-in-china","title":{"rendered":"Uso da BEHENAMIDE CAS 3061-75-4: Agente desmoldante premium para substratos de alto desempenho fabricados na China"},"content":{"rendered":"<p>Vis\u00e3o geral<br \/>\nApar\u00eancia:Conta<br \/>\nEmbalagem\uff1a25 kg l\u00edquidos por saco\uff0c600-700 kg\/palete<br \/>\nNosso produto BEHENAMIDEEssencial para graxas lubrificantes, processamento de borracha e fluidos para usinagem de metais.<br \/>\nProcessamento de borracha e elast\u00f4meros: Serve como agente desmoldante interno\/externo para NR, SBR e TPE. Evita que a borracha grude nos moldes durante a vulcaniza\u00e7\u00e3o e melhora a suavidade da superf\u00edcie do produto.<br \/>\nFormula\u00e7\u00e3o de lubrificantes: Melhora o desempenho de lubrificantes automotivos e industriais - reduz o atrito entre componentes met\u00e1licos, melhora a estabilidade em altas temperaturas e prolonga a vida \u00fatil do lubrificante.<br \/>\nDispersante para revestimentos e tintas: Melhora a dispers\u00e3o de pigmentos em revestimentos industriais, tintas de impress\u00e3o e asfalto. Evita a sedimenta\u00e7\u00e3o do pigmento e garante a distribui\u00e7\u00e3o uniforme da cor nos produtos finais.<\/p>\n<p>Detalhes<br \/>\nConte\u00fado\uff08\u542b\u91cf\uff09 % MIN 98.5%<br \/>\nValor de iodo (\u7898\u503c\uff09gI2\/100g MAX 2 Ponto de fus\u00e3o\uff08\u7194\u70b9\uff09\u2103 105-115<\/p>","protected":false},"excerpt":{"rendered":"<p>Um surfactante n\u00e3o i\u00f4nico vers\u00e1til derivado de fontes vegetais, como o \u00f3leo de colza, a Behenamide (tamb\u00e9m conhecida como Docosanamide) \u00e9 um s\u00f3lido ceroso branco a esbranqui\u00e7ado, conhecido por sua excepcional estabilidade e desempenho multifuncional. Com uma pureza de \u226598% e em conformidade com os padr\u00f5es globais, incluindo o Regulamento da UE 10\/2011 para materiais em contato com alimentos, ela serve como um aditivo essencial em pl\u00e1sticos, cosm\u00e9ticos, lubrificantes e outras aplica\u00e7\u00f5es industriais e de consumo.<\/p>\n<p>Marca HKTD-B98004<br \/>\nCategoria S\u00e9rie Amide de alta qualidade<br \/>\nAplica\u00e7\u00e3o A beenamida (tamb\u00e9m chamada de docosanamida) \u00e9 um s\u00f3lido ceroso at\u00f3xico de alto desempenho que oferece benef\u00edcios multifuncionais em pl\u00e1sticos, cosm\u00e9ticos, lubrificantes e manufatura industrial. Sua excelente estabilidade t\u00e9rmica, hidrofobicidade e compatibilidade com materiais org\u00e2nicos\/inorg\u00e2nicos fazem com que seja o aditivo preferido dos fabricantes globais que buscam conformidade com padr\u00f5es rigorosos como o REACH da UE, o TSCA dos EUA e as normas de contato com alimentos (UE 10\/2011).<\/p>","protected":false},"featured_media":2927,"comment_status":"closed","ping_status":"closed","template":"","meta":[],"product_brand":[],"product_cat":[15],"product_tag":[],"class_list":{"0":"post-2926","1":"product","2":"type-product","3":"status-publish","4":"has-post-thumbnail","6":"product_cat-high-end-amide-series","8":"first","9":"instock","10":"shipping-taxable","11":"purchasable","12":"product-type-simple"},"_links":{"self":[{"href":"https:\/\/www.tiandifareast.com\/pt\/wp-json\/wp\/v2\/product\/2926","targetHints":{"allow":["GET"]}}],"collection":[{"href":"https:\/\/www.tiandifareast.com\/pt\/wp-json\/wp\/v2\/product"}],"about":[{"href":"https:\/\/www.tiandifareast.com\/pt\/wp-json\/wp\/v2\/types\/product"}],"replies":[{"embeddable":true,"href":"https:\/\/www.tiandifareast.com\/pt\/wp-json\/wp\/v2\/comments?post=2926"}],"wp:featuredmedia":[{"embeddable":true,"href":"https:\/\/www.tiandifareast.com\/pt\/wp-json\/wp\/v2\/media\/2927"}],"wp:attachment":[{"href":"https:\/\/www.tiandifareast.com\/pt\/wp-json\/wp\/v2\/media?parent=2926"}],"wp:term":[{"taxonomy":"product_brand","embeddable":true,"href":"https:\/\/www.tiandifareast.com\/pt\/wp-json\/wp\/v2\/product_brand?post=2926"},{"taxonomy":"product_cat","embeddable":true,"href":"https:\/\/www.tiandifareast.com\/pt\/wp-json\/wp\/v2\/product_cat?post=2926"},{"taxonomy":"product_tag","embeddable":true,"href":"https:\/\/www.tiandifareast.com\/pt\/wp-json\/wp\/v2\/product_tag?post=2926"}],"curies":[{"name":"wp","href":"https:\/\/api.w.org\/{rel}","templated":true}]}}