{"id":2929,"date":"2026-01-17T11:52:04","date_gmt":"2026-01-17T03:52:04","guid":{"rendered":"http:\/\/www.tiandifareast.com\/?post_type=product&#038;p=2929"},"modified":"2026-01-17T11:52:15","modified_gmt":"2026-01-17T03:52:15","slug":"stearamide-cas-124-26-5-industrial-anti-blocking-agent-for-packaging-films-coatings-manufactured-in-china","status":"publish","type":"product","link":"https:\/\/www.tiandifareast.com\/pt\/produto\/stearamide-cas-124-26-5-industrial-anti-blocking-agent-for-packaging-films-coatings-manufactured-in-china","title":{"rendered":"Stearamide CAS 124-26-5 Agente antibloqueio industrial para filmes de embalagem e revestimentos fabricados na China"},"content":{"rendered":"<p>Vis\u00e3o geral<br \/>\nApar\u00eancia: gr\u00e2nulo, gr\u00e2nulo, microesferas<br \/>\nEmbalagem\uff1a25 kg l\u00edquidos por saco\uff0c600-700 kg\/palete<br \/>\nOur Stearamide product is the real industry standout\u2014the genuine high-performance additive.<br \/>\nSintetizado com precis\u00e3o: pureza \u226598%, impurezas vol\u00e1teis m\u00ednimas para um processamento est\u00e1vel<br \/>\nEfici\u00eancia de deslizamento: Reduz o coeficiente de atrito em 40-60% (para filmes\/folhas)<br \/>\nDesempenho antibloqueio: Evita a ades\u00e3o entre materiais empilhados, mesmo em ambientes com alta umidade<br \/>\nCompatibilidade: Mistura-se perfeitamente com PE, PP, PVC e outras poliolefinas<br \/>\nCom essas propriedades personalizadas, temos certeza de que voc\u00ea confiar\u00e1 nesse aditivo de amida ainda mais do que em seus auxiliares de processamento.<\/p>\n<p>Detalhes<br \/>\nContent\uff08\u542b\u91cf\uff09 % MIN 98%<br \/>\nIodine Value(\u7898\u503c\uff09gI2\/100g MAX 2 Melting Point\uff08\u7194\u70b9\uff09\u2103 98-103<\/p>","protected":false},"excerpt":{"rendered":"<p>Our Stearamide is the real deal. The genuine article.Crafted with precision refining for 98%+ consistent purity, it delivers unbeatable slip, anti-blocking, and release properties\u2014perfect for plastic film blowing, rubber processing, and ink coating applications. It\u2019s fully compatible with PE, PP, and diverse substrates, dispersing evenly to elevate product surface finish and cut production downtime. We just know you\u2019ll trust this stearamide more than your standard processing aids.<\/p>\n<p>Brand HKTD-S98003<br \/>\nCategoria S\u00e9rie Amide de alta qualidade<br \/>\nApplication Our Stearamide is the real deal. The genuine article.<br \/>\nIts 98%+ pure formula shines across key industrial applications:<br \/>\nPlastic Film Blowing: Boosts surface slip to prevent film blocking\u2014ideal for PE\/PP packaging films that need smooth, easy handling.<br \/>\nRubber Molding: Enhances mold release efficiency while refining rubber product surface smoothness, cutting post-processing time.<br \/>\nInk &amp; Coating Formulations: Improves anti-scuffing performance and printability, ensuring crisp, long-lasting finishes on printed materials.<br \/>\nIt works seamlessly with multiple substrates, elevating both product quality and production throughput\u2014you\u2019ll depend on this stearamide more than generic processing aids.<\/p>","protected":false},"featured_media":2930,"comment_status":"closed","ping_status":"closed","template":"","meta":[],"product_brand":[],"product_cat":[15],"product_tag":[],"class_list":{"0":"post-2929","1":"product","2":"type-product","3":"status-publish","4":"has-post-thumbnail","6":"product_cat-high-end-amide-series","8":"first","9":"instock","10":"shipping-taxable","11":"purchasable","12":"product-type-simple"},"_links":{"self":[{"href":"https:\/\/www.tiandifareast.com\/pt\/wp-json\/wp\/v2\/product\/2929","targetHints":{"allow":["GET"]}}],"collection":[{"href":"https:\/\/www.tiandifareast.com\/pt\/wp-json\/wp\/v2\/product"}],"about":[{"href":"https:\/\/www.tiandifareast.com\/pt\/wp-json\/wp\/v2\/types\/product"}],"replies":[{"embeddable":true,"href":"https:\/\/www.tiandifareast.com\/pt\/wp-json\/wp\/v2\/comments?post=2929"}],"wp:featuredmedia":[{"embeddable":true,"href":"https:\/\/www.tiandifareast.com\/pt\/wp-json\/wp\/v2\/media\/2930"}],"wp:attachment":[{"href":"https:\/\/www.tiandifareast.com\/pt\/wp-json\/wp\/v2\/media?parent=2929"}],"wp:term":[{"taxonomy":"product_brand","embeddable":true,"href":"https:\/\/www.tiandifareast.com\/pt\/wp-json\/wp\/v2\/product_brand?post=2929"},{"taxonomy":"product_cat","embeddable":true,"href":"https:\/\/www.tiandifareast.com\/pt\/wp-json\/wp\/v2\/product_cat?post=2929"},{"taxonomy":"product_tag","embeddable":true,"href":"https:\/\/www.tiandifareast.com\/pt\/wp-json\/wp\/v2\/product_tag?post=2929"}],"curies":[{"name":"wp","href":"https:\/\/api.w.org\/{rel}","templated":true}]}}