{"id":2932,"date":"2026-01-17T11:53:27","date_gmt":"2026-01-17T03:53:27","guid":{"rendered":"http:\/\/www.tiandifareast.com\/?post_type=product&#038;p=2932"},"modified":"2026-01-17T11:53:27","modified_gmt":"2026-01-17T03:53:27","slug":"erucamide-cas-112-84-5-98-lubricant-additive-suitable-for-pvc-abs-pa-pp-engineering-plastic-manufactured-in-china","status":"publish","type":"product","link":"https:\/\/www.tiandifareast.com\/pt\/produto\/erucamide-cas-112-84-5-98-lubricant-additive-suitable-for-pvc-abs-pa-pp-engineering-plastic-manufactured-in-china","title":{"rendered":"Erucamide CAS 112-84-5 98% Lubricant Additive - Adequado para PVC\/ABS\/PA\/PP\/pl\u00e1stico de engenharia Fabricado na China"},"content":{"rendered":"<p>Vis\u00e3o geral<br \/>\nApar\u00eancia: gr\u00e2nulo, gr\u00e2nulo, microesferas<br \/>\nEmbalagem\uff1a25 kg l\u00edquidos por saco\uff0c600-700 kg\/palete<br \/>\nNosso produto de oleamida \u00e9 o verdadeiro destaque do setor - o aditivo genu\u00edno de alto desempenho.<br \/>\nSintetizado com precis\u00e3o: pureza \u226598%, impurezas vol\u00e1teis m\u00ednimas para um processamento est\u00e1vel<br \/>\nEfici\u00eancia de deslizamento: Reduz o coeficiente de atrito em 40-60% (para filmes\/folhas)<br \/>\nDesempenho antibloqueio: Evita a ades\u00e3o entre materiais empilhados, mesmo em ambientes com alta umidade<br \/>\nCompatibilidade: Mistura-se perfeitamente com PE, PP, PVC e outras poliolefinas<br \/>\nCom essas propriedades personalizadas, temos certeza de que voc\u00ea confiar\u00e1 nesse aditivo de amida ainda mais do que em seus auxiliares de processamento.<\/p>\n<p>Detalhes<br \/>\nConte\u00fado\uff08\u542b\u91cf\uff09 % MIN 98.5%<br \/>\nValor de iodo (\u7898\u503c\uff09gI2\/100g) 72-78 Ponto de fus\u00e3o (\u7194\u70b9\uff09\u2103 77-85<\/p>","protected":false},"excerpt":{"rendered":"<p>Nossa Erucamide \u00e9 o verdadeiro neg\u00f3cio - o aditivo de desempenho genu\u00edno e de n\u00edvel industrial que voc\u00ea estava procurando.<br \/>\nPurificado com precis\u00e3o para uma pureza consistente de 98%+, ele oferece propriedades imbat\u00edveis de deslizamento, antibloqueio e libera\u00e7\u00e3o - perfeito para aplica\u00e7\u00f5es de sopro de filme pl\u00e1stico, processamento de borracha e impress\u00e3o de tinta. Compat\u00edvel com v\u00e1rios substratos, ele se dispersa uniformemente para aumentar o brilho da superf\u00edcie e a efici\u00eancia da produ\u00e7\u00e3o. Temos certeza de que voc\u00ea vai adorar esse aditivo de alto desempenho ainda mais do que os seus lubrificantes padr\u00e3o.<\/p>\n<p>Marca HKTD-E98002<br \/>\nCategoria S\u00e9rie Amide de alta qualidade<br \/>\nAplica\u00e7\u00e3o Nossa Erucamide \u00e9 o verdadeiro neg\u00f3cio - o aditivo genu\u00edno e de alta pureza criado para uso industrial confi\u00e1vel.<br \/>\nCom a pureza consistente do 98%+, ele se destaca nas principais aplica\u00e7\u00f5es:<br \/>\nSopro de filme pl\u00e1stico: Aumenta o deslizamento da superf\u00edcie para reduzir o atrito e evitar o bloqueio do filme, ideal para filmes de embalagem PE\/PP.<br \/>\nProcessamento de borracha: Aumenta a efici\u00eancia da libera\u00e7\u00e3o do molde e melhora a suavidade da superf\u00edcie do produto de borracha: Melhora a capacidade de impress\u00e3o e o desempenho antidesgaste para acabamentos de alta qualidade.<br \/>\n\u00c9 compat\u00edvel com v\u00e1rios substratos, dispersa-se uniformemente e aumenta o rendimento da produ\u00e7\u00e3o - voc\u00ea confiar\u00e1 nessa Erucamida mais do que em seus auxiliares de processamento padr\u00e3o.<\/p>\n<p>&nbsp;<\/p>","protected":false},"featured_media":2933,"comment_status":"closed","ping_status":"closed","template":"","meta":[],"product_brand":[],"product_cat":[15],"product_tag":[],"class_list":{"0":"post-2932","1":"product","2":"type-product","3":"status-publish","4":"has-post-thumbnail","6":"product_cat-high-end-amide-series","8":"first","9":"instock","10":"shipping-taxable","11":"purchasable","12":"product-type-simple"},"_links":{"self":[{"href":"https:\/\/www.tiandifareast.com\/pt\/wp-json\/wp\/v2\/product\/2932","targetHints":{"allow":["GET"]}}],"collection":[{"href":"https:\/\/www.tiandifareast.com\/pt\/wp-json\/wp\/v2\/product"}],"about":[{"href":"https:\/\/www.tiandifareast.com\/pt\/wp-json\/wp\/v2\/types\/product"}],"replies":[{"embeddable":true,"href":"https:\/\/www.tiandifareast.com\/pt\/wp-json\/wp\/v2\/comments?post=2932"}],"wp:featuredmedia":[{"embeddable":true,"href":"https:\/\/www.tiandifareast.com\/pt\/wp-json\/wp\/v2\/media\/2933"}],"wp:attachment":[{"href":"https:\/\/www.tiandifareast.com\/pt\/wp-json\/wp\/v2\/media?parent=2932"}],"wp:term":[{"taxonomy":"product_brand","embeddable":true,"href":"https:\/\/www.tiandifareast.com\/pt\/wp-json\/wp\/v2\/product_brand?post=2932"},{"taxonomy":"product_cat","embeddable":true,"href":"https:\/\/www.tiandifareast.com\/pt\/wp-json\/wp\/v2\/product_cat?post=2932"},{"taxonomy":"product_tag","embeddable":true,"href":"https:\/\/www.tiandifareast.com\/pt\/wp-json\/wp\/v2\/product_tag?post=2932"}],"curies":[{"name":"wp","href":"https:\/\/api.w.org\/{rel}","templated":true}]}}